{"id":693,"date":"2021-02-15T18:55:05","date_gmt":"2021-02-15T18:55:05","guid":{"rendered":"https:\/\/legesenteretiflorvag.no\/?page_id=693"},"modified":"2021-02-15T18:55:17","modified_gmt":"2021-02-15T18:55:17","slug":"henvisning-provesvar","status":"publish","type":"page","link":"https:\/\/legesenteretiflorvag.no\/?page_id=693","title":{"rendered":"Henvisning \/ pr\u00f8vesvar"},"content":{"rendered":"\t\t<div data-elementor-type=\"wp-page\" data-elementor-id=\"693\" class=\"elementor elementor-693\" data-elementor-settings=\"[]\">\n\t\t\t\t\t\t\t<div class=\"elementor-section-wrap\">\n\t\t\t\t\t\t\t<section class=\"elementor-section elementor-top-section elementor-element elementor-element-509c584b elementor-section-boxed elementor-section-height-default elementor-section-height-default\" data-id=\"509c584b\" data-element_type=\"section\">\n\t\t\t\t\t\t<div class=\"elementor-container elementor-column-gap-default\">\n\t\t\t\t\t<div class=\"elementor-column elementor-col-100 elementor-top-column elementor-element elementor-element-abc13be\" data-id=\"abc13be\" data-element_type=\"column\">\n\t\t\t<div class=\"elementor-widget-wrap elementor-element-populated\">\n\t\t\t\t\t\t\t\t<div class=\"elementor-element elementor-element-35fe3413 elementor-widget elementor-widget-text-editor\" data-id=\"35fe3413\" data-element_type=\"widget\" data-widget_type=\"text-editor.default\">\n\t\t\t\t<div class=\"elementor-widget-container\">\n\t\t\t\t\t<div class=\"elementor-text-editor elementor-clearfix\"><!-- wp:paragraph -->\n<p><strong>Henvisning til spesialister i andre fagfelt enn allmennmedisin<\/strong><\/p>\n<!-- \/wp:paragraph -->\n\n<!-- wp:paragraph -->\n<p>For henvisning til privatpraktiserende spesialist, psykolog eller sykehus m\u00e5 du til time hos din fastlege. Mottakerne er avhengige av gode henvisninger for \u00e5 kunne vurdere hastegrad. Ved utilstrekkelige henvisninger risikerer man at ventetiden blir galt fastsatt (du m\u00e5 vente lenger), eller at sykehuset m\u00e5 innhente flere opplysninger (som ogs\u00e5 tar tid).<\/p>\n<!-- \/wp:paragraph -->\n\n<!-- wp:paragraph -->\n<p><strong>Henvisning til gynekolog for cellpr\u00f8ve<\/strong><\/p>\n<!-- \/wp:paragraph -->\n\n<!-- wp:paragraph -->\n<p>Cellepr\u00f8ver kan tas av din fastlege. Fastlegene kan ogs\u00e5 sette inn eller fjerne spiraler. Dersom du ikke \u00f8nsker dette, kan vi dessverre ikke henvise til gynekolog med driftsavtale med Helse Bergen for dette, med mindre det finnes andre tilstander som trenger\u00a0vurdering av gynekolog. Dette er bl.a. fordi en konsultasjon hos gynekolog koster Folketrygden 2-3 ganger mer enn hos fastlegen og fordi gynekologer med driftsavtale med Helse Bergen m\u00e5 brukes til oppgaver som kun de kan gj\u00f8re, for \u00e5 bruke deres kompetanse effektivt. Men man har mulighet til \u00e5 benytte gynekolog uten refusjon, hvor man betaler alle kostnadene selv (eks.\u00a0<a rel=\"noreferrer noopener\" href=\"https:\/\/www.aleris.no\/Her-finnes-vi\/Bergen\/Aleris-Sykehus-Medisinsk-senter-Bergen\/gynekolog-bergen\/\" target=\"_blank\">Aleris<\/a>\u00a0eller\u00a0<a rel=\"noreferrer noopener\" href=\"https:\/\/www.volvat.no\/tjenester\/gynekologi\/?gclid=Cj0KEQjw76jGBRDm1K-X_LnrmuEBEiQA8RXYZzqJj7Kmr6--EiTqbZzTcfJT5f8aui4joH4D8JS84xcaAqjD8P8HAQ\" target=\"_blank\">Volvat<\/a>).<\/p>\n<!-- \/wp:paragraph -->\n\n<!-- wp:paragraph -->\n<p><strong>Henvisning til&nbsp;billeddiagnostikk<\/strong><\/p>\n<!-- \/wp:paragraph -->\n\n<!-- wp:paragraph -->\n<p>Henvisning til r\u00f8ntgenunders\u00f8kelser krever oppm\u00f8te hos lege. Legen vil vurdere hvilken unders\u00f8kelse som er n\u00f8dvendig og m\u00e5 formulere en problemstilling\/sp\u00f8rsm\u00e5l som r\u00f8ntgenlegen og radiografen skal\u00a0bruke i sitt videre arbeid. Legen vil ogs\u00e5 m\u00e5tte ta stilling til farene ved bruk av r\u00f8ntgenstr\u00e5ling ved ulike unders\u00f8kelser og\u00a0hvilken nytte en r\u00f8ntgenunders\u00f8kelse vil ha for pasienten. MR bruker ikke r\u00f8ntgenstr\u00e5ling, men en rekke pasienter kan ikke ta MR av medisinske grunner (bl.a. gravide og pasienter med enkelte typer metallimplantat).\u00a0<br><br>Det hender at andre yrkesgrupper ber om at det henvises til ulike unders\u00f8kelser og vi er takknemlig om man da har med seg skriftlig informasjon som underbygger dette \u00f8nsket.<\/p>\n<!-- \/wp:paragraph -->\n\n<!-- wp:paragraph -->\n<p><br><strong>Henvisning til fysioterapeut<\/strong><\/p>\n<!-- \/wp:paragraph -->\n\n<!-- wp:paragraph -->\n<p>Du trenger ikke lenger henvisning til fysioterapeut fra lege. Fra 1. januar 2018 vurderer fysioterapeutene henvendelser fra pasienten uten henvisning fra lege.<\/p>\n<!-- \/wp:paragraph --><\/div>\n\t\t\t\t<\/div>\n\t\t\t\t<\/div>\n\t\t\t\t\t<\/div>\n\t\t<\/div>\n\t\t\t\t\t\t\t<\/div>\n\t\t<\/section>\n\t\t\t\t\t\t<\/div>\n\t\t\t\t\t<\/div>\n\t\t","protected":false},"excerpt":{"rendered":"<p>Henvisning til spesialister i andre fagfelt enn allmennmedisin For henvisning til privatpraktiserende spesialist, psykolog eller sykehus m\u00e5 du til time hos din fastlege. Mottakerne er avhengige av gode henvisninger for \u00e5 kunne vurdere hastegrad. Ved utilstrekkelige henvisninger risikerer man at ventetiden blir galt fastsatt (du m\u00e5 vente lenger), eller at sykehuset m\u00e5 innhente flere opplysninger [&hellip;]<\/p>\n","protected":false},"author":1,"featured_media":0,"parent":0,"menu_order":0,"comment_status":"closed","ping_status":"closed","template":"elementor_header_footer","meta":{"footnotes":""},"class_list":["post-693","page","type-page","status-publish","hentry","entry"],"_links":{"self":[{"href":"https:\/\/legesenteretiflorvag.no\/index.php?rest_route=\/wp\/v2\/pages\/693","targetHints":{"allow":["GET"]}}],"collection":[{"href":"https:\/\/legesenteretiflorvag.no\/index.php?rest_route=\/wp\/v2\/pages"}],"about":[{"href":"https:\/\/legesenteretiflorvag.no\/index.php?rest_route=\/wp\/v2\/types\/page"}],"author":[{"embeddable":true,"href":"https:\/\/legesenteretiflorvag.no\/index.php?rest_route=\/wp\/v2\/users\/1"}],"replies":[{"embeddable":true,"href":"https:\/\/legesenteretiflorvag.no\/index.php?rest_route=%2Fwp%2Fv2%2Fcomments&post=693"}],"version-history":[{"count":4,"href":"https:\/\/legesenteretiflorvag.no\/index.php?rest_route=\/wp\/v2\/pages\/693\/revisions"}],"predecessor-version":[{"id":697,"href":"https:\/\/legesenteretiflorvag.no\/index.php?rest_route=\/wp\/v2\/pages\/693\/revisions\/697"}],"wp:attachment":[{"href":"https:\/\/legesenteretiflorvag.no\/index.php?rest_route=%2Fwp%2Fv2%2Fmedia&parent=693"}],"curies":[{"name":"wp","href":"https:\/\/api.w.org\/{rel}","templated":true}]}}