{"id":662,"date":"2021-02-15T18:40:32","date_gmt":"2021-02-15T18:40:32","guid":{"rendered":"https:\/\/legesenteretiflorvag.no\/?page_id=662"},"modified":"2024-10-03T18:25:51","modified_gmt":"2024-10-03T18:25:51","slug":"legeerklaeringer","status":"publish","type":"page","link":"https:\/\/legesenteretiflorvag.no\/?page_id=662","title":{"rendered":"Legeerkl\u00e6ringer"},"content":{"rendered":"\t\t<div data-elementor-type=\"wp-page\" data-elementor-id=\"662\" class=\"elementor elementor-662\" data-elementor-settings=\"[]\">\n\t\t\t\t\t\t\t<div class=\"elementor-section-wrap\">\n\t\t\t\t\t\t\t<section class=\"elementor-section elementor-top-section elementor-element elementor-element-adcd308 elementor-section-boxed elementor-section-height-default elementor-section-height-default\" data-id=\"adcd308\" data-element_type=\"section\">\n\t\t\t\t\t\t<div class=\"elementor-container elementor-column-gap-default\">\n\t\t\t\t\t<div class=\"elementor-column elementor-col-100 elementor-top-column elementor-element elementor-element-16d6172d\" data-id=\"16d6172d\" data-element_type=\"column\">\n\t\t\t<div class=\"elementor-widget-wrap elementor-element-populated\">\n\t\t\t\t\t\t\t\t<div class=\"elementor-element elementor-element-20ffd451 elementor-widget elementor-widget-text-editor\" data-id=\"20ffd451\" data-element_type=\"widget\" data-widget_type=\"text-editor.default\">\n\t\t\t\t<div class=\"elementor-widget-container\">\n\t\t\t\t\t<div class=\"elementor-text-editor elementor-clearfix\"><p><!-- wp:heading {\"level\":4} --><\/p>\n<h4>Legesenteret i Florv\u00e5g kan tilby medisinske uttalelser til diverse form\u00e5l.&nbsp;<\/h4>\n<h4><span style=\"font-family: 'Josefin Sans'; font-size: 17px; font-weight: bold;\">Kostnaden m\u00e5 pasienten dekke selv, da Folketrygden&nbsp;ikke betaler for slik attester\/erkl\u00e6ringer.<\/span><\/h4>\n<h4>Legesenteret forholder seg til gjeldende <a href=\"https:\/\/lovdata.no\/dokument\/SF\/forskrift\/2008-12-18-1486\">lovverk<\/a> &amp; <a href=\"https:\/\/www.helsedirektoratet.no\/rundskriv\/helsepersonelloven-med-kommentarer\/krav-til-helsepersonells-yrkesutovelse\/-15.krav-til-attester-erklaeringer-o.l\">krav<\/a>.<\/h4>\n<div><span style=\"font-family: 'Josefin Sans'; font-size: 17px; font-weight: bold;\">Prisliste sakkyndig legearbeid som IKKE omfatter normaltariffen;<\/span><\/div>\n<ul>\n<li>F\u00f8rerkortattest 600,-<\/li>\n<li style=\"font-size: 15px;\">Legeerkl\u00e6ring til transporttjeneste for funksjonshemmede (TT-kort) 300,-<\/li>\n<li style=\"font-size: 15px;\">S\u00f8knad om parkeringstillatelse for forflytningshemmede 300,-<\/li>\n<li style=\"font-size: 15px;\">Schengenattest for medikamenter ved utenlandsreise 200,-&nbsp;<\/li>\n<li>Legeerkl\u00e6ring ved oppfostrelse av andres barn eller adopsjonss\u00f8knad 600,-&nbsp;<\/li>\n<li>Aspiranter til politi- og lensmannsetaten og elever til politiskolen 700,-&nbsp;<\/li>\n<li>Legeunders\u00f8kelse vedr. skolegang i kriminalomsorgen 700,-&nbsp;<\/li>\n<li>Legeunders\u00f8kelse for fallskjermhoppere 700,-&nbsp;<\/li>\n<\/ul>\n<p><strong style=\"font-size: 15px;\"><br>Generelle legeerkl\u00e6ringer (fri tekst)<\/strong><\/p>\n<ul>\n<li>&nbsp;Inntil 5 minutters arbeid : 150,-<\/li>\n<\/ul>\n<p><em>Eks. bekreftelse p\u00e5 termin, frav\u00e6r fra skolen o.l.<\/em><\/p>\n<ul>\n<li>Inntil 10 minutters arbeid: 250.-<\/li>\n<\/ul>\n<p><em>Eks. tilpasset undervisning\/eksamen, attest til forsikringsselskap o.l.<\/em><\/p>\n<ul>\n<li>Inntil 15 minutters arbeid: 300,-<\/li>\n<\/ul>\n<p><em>Eks. attest til s\u00f8knad om kommunale tjenester, medisinoversikt p\u00e5 engelsk, o.l.&nbsp;<\/em><\/p>\n<p><strong style=\"font-size: 15px;\"><br>Det er viktig \u00e5 v\u00e6re oppmerksom p\u00e5 f\u00f8lgende:<\/strong><\/p>\n<p><span style=\"font-size: 15px;\">Dersom en attest vil kreve mer enn 15 min for \u00e5 utarbeide, skal legen opplyse om pris i forkant.&nbsp;<\/span><\/p>\n<ul>\n<li>Betaling for legeerkl\u00e6ringer og attester inng\u00e5r ikke i frikortgrunnlaget.<\/li>\n<li>Dersom legeerkl\u00e6ring skal sendes per post, tilkommer ekspedisjonsgebyr og fakturagebyr hvis ikke annet er avtalt.<\/li>\n<li>Uavhentede legeerkl\u00e6ringer faktureres og sendes til bestiller etter en m\u00e5ned. Da tilkommer ekspedisjonsgebyr og fakturagebyr.<\/li>\n<\/ul><\/div>\n\t\t\t\t<\/div>\n\t\t\t\t<\/div>\n\t\t\t\t\t<\/div>\n\t\t<\/div>\n\t\t\t\t\t\t\t<\/div>\n\t\t<\/section>\n\t\t\t\t\t\t<\/div>\n\t\t\t\t\t<\/div>\n\t\t","protected":false},"excerpt":{"rendered":"<p>Legesenteret i Florv\u00e5g kan tilby medisinske uttalelser til diverse form\u00e5l.&nbsp; Kostnaden m\u00e5 pasienten dekke selv, da Folketrygden&nbsp;ikke betaler for slik attester\/erkl\u00e6ringer. Legesenteret forholder seg til gjeldende lovverk &amp; krav. Prisliste sakkyndig legearbeid som IKKE omfatter normaltariffen; F\u00f8rerkortattest 600,- Legeerkl\u00e6ring til transporttjeneste for funksjonshemmede (TT-kort) 300,- S\u00f8knad om parkeringstillatelse for forflytningshemmede 300,- Schengenattest for medikamenter ved [&hellip;]<\/p>\n","protected":false},"author":1,"featured_media":0,"parent":0,"menu_order":0,"comment_status":"closed","ping_status":"closed","template":"elementor_header_footer","meta":{"footnotes":""},"class_list":["post-662","page","type-page","status-publish","hentry","entry"],"_links":{"self":[{"href":"https:\/\/legesenteretiflorvag.no\/index.php?rest_route=\/wp\/v2\/pages\/662","targetHints":{"allow":["GET"]}}],"collection":[{"href":"https:\/\/legesenteretiflorvag.no\/index.php?rest_route=\/wp\/v2\/pages"}],"about":[{"href":"https:\/\/legesenteretiflorvag.no\/index.php?rest_route=\/wp\/v2\/types\/page"}],"author":[{"embeddable":true,"href":"https:\/\/legesenteretiflorvag.no\/index.php?rest_route=\/wp\/v2\/users\/1"}],"replies":[{"embeddable":true,"href":"https:\/\/legesenteretiflorvag.no\/index.php?rest_route=%2Fwp%2Fv2%2Fcomments&post=662"}],"version-history":[{"count":16,"href":"https:\/\/legesenteretiflorvag.no\/index.php?rest_route=\/wp\/v2\/pages\/662\/revisions"}],"predecessor-version":[{"id":1621,"href":"https:\/\/legesenteretiflorvag.no\/index.php?rest_route=\/wp\/v2\/pages\/662\/revisions\/1621"}],"wp:attachment":[{"href":"https:\/\/legesenteretiflorvag.no\/index.php?rest_route=%2Fwp%2Fv2%2Fmedia&parent=662"}],"curies":[{"name":"wp","href":"https:\/\/api.w.org\/{rel}","templated":true}]}}