{"id":655,"date":"2021-02-13T22:15:50","date_gmt":"2021-02-13T22:15:50","guid":{"rendered":"https:\/\/legesenteretiflorvag.no\/?page_id=655"},"modified":"2024-10-03T18:28:38","modified_gmt":"2024-10-03T18:28:38","slug":"betaling","status":"publish","type":"page","link":"https:\/\/legesenteretiflorvag.no\/?page_id=655","title":{"rendered":"Betaling"},"content":{"rendered":"\t\t<div data-elementor-type=\"wp-page\" data-elementor-id=\"655\" class=\"elementor elementor-655\" data-elementor-settings=\"[]\">\n\t\t\t\t\t\t\t<div class=\"elementor-section-wrap\">\n\t\t\t\t\t\t\t<section class=\"elementor-section elementor-top-section elementor-element elementor-element-87ce570 elementor-section-boxed elementor-section-height-default elementor-section-height-default\" data-id=\"87ce570\" data-element_type=\"section\">\n\t\t\t\t\t\t<div class=\"elementor-container elementor-column-gap-default\">\n\t\t\t\t\t<div class=\"elementor-column elementor-col-100 elementor-top-column elementor-element elementor-element-38502c4e\" data-id=\"38502c4e\" data-element_type=\"column\">\n\t\t\t<div class=\"elementor-widget-wrap elementor-element-populated\">\n\t\t\t\t\t\t\t\t<div class=\"elementor-element elementor-element-c08b427 elementor-widget elementor-widget-text-editor\" data-id=\"c08b427\" data-element_type=\"widget\" data-widget_type=\"text-editor.default\">\n\t\t\t\t<div class=\"elementor-widget-container\">\n\t\t\t\t\t<div class=\"elementor-text-editor elementor-clearfix\"><h1><span style=\"font-size: 15px;\">Legesenteret i Florv\u00e5g er et <b>offentlig legesenter<\/b>.\u00a0<\/span><span style=\"font-size: 15px;\">Vi er derfor p\u00e5lagt \u00e5 f\u00f8lge <\/span><a style=\"font-size: 15px; background-color: #ffffff;\" href=\"https:\/\/legesenteretiflorvag.no\/wp-content\/uploads\/2024\/10\/takstplakat_fastlege_2024-2025.pdf\">normaltariffen<\/a><span style=\"font-size: 15px;\">.<\/span><\/h1><p><span style=\"font-size: 15px;\">Legesenteret benytter seg av kreditor &#8211; <\/span><a style=\"font-size: 15px; background-color: #ffffff;\" href=\"https:\/\/www.convene.no\/privat\/om-oss\/\">Convene<\/a><span style=\"font-size: 15px;\">. All fakturering og innkreving administreres av Convene (tidligere Melin Medical).<\/span><\/p><p>Samme faktureringsbyr\u00e5 drifter betalingsautomat p\u00e5 legesenteret. Det kan medf\u00f8re et <a href=\"http:\/\/www.lovdata.no\/for\/sf\/jd\/xd-19890714-0562.html\">lovp\u00e5lagt fakturagebyr<\/a><strong>.<\/strong> Fakturagebyr ved elektronisk kommunikasjon herunder digitale tjenester som omfatter normaltariffen med egenandel som elektronisk konsultasjon vil tilkomme hvis ikke faktura betales samme dag.<\/p><p>Vi anbefaler alle v\u00e5re pasienter \u00e5 betale med kort. <b>Betalingsautomat aksepterer ikke kredittkort.<\/b><\/p><p>Hvis du uteblir fra avtalt time kan lege fakturere iht. <a href=\"https:\/\/lovdata.no\/dokument\/SF\/forskrift\/2024-06-26-1322\" target=\"_blank\" rel=\"noreferrer noopener\">Forskrift om st\u00f8nad til dekning av utgifter til unders\u00f8kelse og behandling hos lege,<\/a>\u00a0<b>merknad B2<\/b>. Faktura vil v\u00e6re p\u00e5lydende konsultasjonstakst + fakturagebyr.<\/p><p><em>Fra merknad B2 i forskriften:<br \/>&#8220;For bestilt time som ikke benyttes, dvs. at pasienten uteblir uten varsel eller avbestiller senere enn 24 timer f\u00f8r avtalt tid, kan pasienten avkreves konsultasjonshonorar. Dette dekkes ikke av folketrygden. Bel\u00f8pet anses ikke som godkjent egenandel (..). Slik betaling kan kreves av alle pasienter som er fritatt for betaling av egenandel.<\/em><\/p><\/div>\n\t\t\t\t<\/div>\n\t\t\t\t<\/div>\n\t\t\t\t\t<\/div>\n\t\t<\/div>\n\t\t\t\t\t\t\t<\/div>\n\t\t<\/section>\n\t\t\t\t\t\t<\/div>\n\t\t\t\t\t<\/div>\n\t\t","protected":false},"excerpt":{"rendered":"<p>Legesenteret i Florv\u00e5g er et offentlig legesenter.\u00a0Vi er derfor p\u00e5lagt \u00e5 f\u00f8lge normaltariffen. Legesenteret benytter seg av kreditor &#8211; Convene. All fakturering og innkreving administreres av Convene (tidligere Melin Medical). Samme faktureringsbyr\u00e5 drifter betalingsautomat p\u00e5 legesenteret. Det kan medf\u00f8re et lovp\u00e5lagt fakturagebyr. Fakturagebyr ved elektronisk kommunikasjon herunder digitale tjenester som omfatter normaltariffen med egenandel som [&hellip;]<\/p>\n","protected":false},"author":1,"featured_media":0,"parent":0,"menu_order":0,"comment_status":"closed","ping_status":"closed","template":"elementor_header_footer","meta":{"footnotes":""},"class_list":["post-655","page","type-page","status-publish","hentry","entry"],"_links":{"self":[{"href":"https:\/\/legesenteretiflorvag.no\/index.php?rest_route=\/wp\/v2\/pages\/655","targetHints":{"allow":["GET"]}}],"collection":[{"href":"https:\/\/legesenteretiflorvag.no\/index.php?rest_route=\/wp\/v2\/pages"}],"about":[{"href":"https:\/\/legesenteretiflorvag.no\/index.php?rest_route=\/wp\/v2\/types\/page"}],"author":[{"embeddable":true,"href":"https:\/\/legesenteretiflorvag.no\/index.php?rest_route=\/wp\/v2\/users\/1"}],"replies":[{"embeddable":true,"href":"https:\/\/legesenteretiflorvag.no\/index.php?rest_route=%2Fwp%2Fv2%2Fcomments&post=655"}],"version-history":[{"count":21,"href":"https:\/\/legesenteretiflorvag.no\/index.php?rest_route=\/wp\/v2\/pages\/655\/revisions"}],"predecessor-version":[{"id":1627,"href":"https:\/\/legesenteretiflorvag.no\/index.php?rest_route=\/wp\/v2\/pages\/655\/revisions\/1627"}],"wp:attachment":[{"href":"https:\/\/legesenteretiflorvag.no\/index.php?rest_route=%2Fwp%2Fv2%2Fmedia&parent=655"}],"curies":[{"name":"wp","href":"https:\/\/api.w.org\/{rel}","templated":true}]}}