{"id":628,"date":"2021-02-13T21:02:35","date_gmt":"2021-02-13T21:02:35","guid":{"rendered":"https:\/\/legesenteretiflorvag.no\/?page_id=628"},"modified":"2021-06-10T21:12:00","modified_gmt":"2021-06-10T21:12:00","slug":"koronavaksinasjon","status":"publish","type":"page","link":"https:\/\/legesenteretiflorvag.no\/?page_id=628","title":{"rendered":"Koronavaksinasjon"},"content":{"rendered":"\t\t<div data-elementor-type=\"wp-page\" data-elementor-id=\"628\" class=\"elementor elementor-628\" data-elementor-settings=\"[]\">\n\t\t\t\t\t\t\t<div class=\"elementor-section-wrap\">\n\t\t\t\t\t\t\t<section class=\"elementor-section elementor-top-section elementor-element elementor-element-4eb4ad elementor-section-boxed elementor-section-height-default elementor-section-height-default\" data-id=\"4eb4ad\" data-element_type=\"section\">\n\t\t\t\t\t\t<div class=\"elementor-container elementor-column-gap-default\">\n\t\t\t\t\t<div class=\"elementor-column elementor-col-100 elementor-top-column elementor-element elementor-element-755ffcc5\" data-id=\"755ffcc5\" data-element_type=\"column\">\n\t\t\t<div class=\"elementor-widget-wrap elementor-element-populated\">\n\t\t\t\t\t\t\t\t<div class=\"elementor-element elementor-element-9ccd279 elementor-widget elementor-widget-text-editor\" data-id=\"9ccd279\" data-element_type=\"widget\" data-widget_type=\"text-editor.default\">\n\t\t\t\t<div class=\"elementor-widget-container\">\n\t\t\t\t\t<div class=\"elementor-text-editor elementor-clearfix\"><p><!-- wp:paragraph --><\/p>\n<p>Legesenteret i Florv\u00e5g har samarbeidet med Ask\u00f8y kommune om vaksinering av risikopasienter tilknyttet legesenteret med&nbsp;<a href=\"https:\/\/www.felleskatalogen.no\/medisin\/comirnaty-biontech-pfizer-682780\">Comirnaty (Pfizer BioNTech).<\/a>&nbsp;Metode anvendt for prioritering er folkehelseinstituttets vaksinasjonsveilder\/prioriteringsveileder implementert i digitalt journalsystem som et automatisert uttrekk hvor legene selv har dobbeltkontroll og overordnet ansvar for at prosessen blir fulgt iht. nasjonale veiledere\/anbefalinger.<\/p>\n<p>Etter noen intense m\u00e5neder med vaksinasjon av risikopasienter er vi endelig i m\u00e5l. Videre overtar Ask\u00f8y kommune ansvar for vaksinering av \u00f8vrige risikopasienter og friske innbyggere.<\/p>\n<p>Legesenteret vil rette en stor takk til ansatte som p\u00e5 kort varsel har jobbet lange dager og p\u00e5tatt seg mye ansvar og ekstra arbeidsoppgaver som organisering, administrasjon og vaksinasjon.<\/p>\n<p>Den unike vaksineteknologien (mRNA), mangel p\u00e5 vaksiner og selve prioriteringen skapte endel utfordringer. Heldigvis gikk det seg til etterhvert og sm\u00e5 hinder ble raskt overkommet ved et godt samarbeid med smittevernlege, helsestasjon og legesekret\u00e6rer.<\/p>\n<p>Vi h\u00e5per pasienter tilknyttet legesenteret har forst\u00e5else for en relativt unik og krevende situasjon som vi heldigvis ser slutten p\u00e5 n\u00e5. Legesenteret er takknemlige for tilbakemeldinger p\u00e5 hvordan dere opplevde vaksinasjonen og om det var noe vi kunne gjort annerledes.<\/p>\n<p>Kort oppsummert vaksinerte legesenteret i Florv\u00e5g alle listepasienter over 85 \u00e5r med samtykke. Deretter risikopasienter &gt; 75 og &gt; 65 \u00e5r i rekkef\u00f8lge. Vaksinen ble gitt i 2 doser med &gt; 3 ukers mellomrom.<\/p>\n<p><a href=\"https:\/\/www.felleskatalogen.no\/medisin\/comirnaty-biontech-pfizer-682780\" style=\"font-size: 15px;\">Comirnaty (Pfizer BioNTech)<\/a><span style=\"font-size: 15px;\">&nbsp;gis i serie med 2 vaksiner. 2 dose gis minst 3 uker etter 1 dose. F\u00f8r du f\u00e5r vaksinen m\u00e5 du levere ferdig utfylt <\/span><a href=\"https:\/\/www.fhi.no\/contentassets\/76e833e2ed2f4314ba7fabe0aba40b2e\/bokmal_vaksine_egenerklaering_a4.pdf\" style=\"font-size: 15px;\">egenerkl\u00e6ringsskjema.<\/a><span style=\"font-size: 15px;\"> Du f\u00e5r utlevert skjema p\u00e5 legesenteret samme dag som vaksinasjonen finner sted. Det er fint hvis du har mulighet til \u00e5 medbringe ferdig utfylt skjema.<\/span><br><\/p>\n<p><\/p>\n<p>Legesenteret tilbyr&nbsp;<strong>ikke<\/strong> Johnson &amp; Johnson\/Jannsen-vaksine, les mer her:<\/p>\n<p><div class=\"oceanwp-oembed-wrap clr\"><blockquote class=\"wp-embedded-content\" data-secret=\"udsveJ3Hu0\"><a href=\"https:\/\/legesenteretiflorvag.no\/?p=1098\">Johnson &#038; Johnson\/Janssen-vaksine<\/a><\/blockquote><iframe loading=\"lazy\" class=\"wp-embedded-content\" sandbox=\"allow-scripts\" security=\"restricted\" style=\"position: absolute; clip: rect(1px, 1px, 1px, 1px);\" title=\"&#8220;Johnson &#038; Johnson\/Janssen-vaksine&#8221; &#8212; Legesenteret i Florv\u00e5g\" src=\"https:\/\/legesenteretiflorvag.no\/?p=1098&#038;embed=true#?secret=udsveJ3Hu0\" data-secret=\"udsveJ3Hu0\" width=\"600\" height=\"338\" frameborder=\"0\" marginwidth=\"0\" marginheight=\"0\" scrolling=\"no\"><\/iframe><\/div><\/p>\n<p><!-- \/wp:paragraph --><\/p><\/div>\n\t\t\t\t<\/div>\n\t\t\t\t<\/div>\n\t\t\t\t\t<\/div>\n\t\t<\/div>\n\t\t\t\t\t\t\t<\/div>\n\t\t<\/section>\n\t\t\t\t\t\t<\/div>\n\t\t\t\t\t<\/div>\n\t\t","protected":false},"excerpt":{"rendered":"<p>Legesenteret i Florv\u00e5g har samarbeidet med Ask\u00f8y kommune om vaksinering av risikopasienter tilknyttet legesenteret med&nbsp;Comirnaty (Pfizer BioNTech).&nbsp;Metode anvendt for prioritering er folkehelseinstituttets vaksinasjonsveilder\/prioriteringsveileder implementert i digitalt journalsystem som et automatisert uttrekk hvor legene selv har dobbeltkontroll og overordnet ansvar for at prosessen blir fulgt iht. nasjonale veiledere\/anbefalinger. Etter noen intense m\u00e5neder med vaksinasjon av risikopasienter [&hellip;]<\/p>\n","protected":false},"author":1,"featured_media":0,"parent":0,"menu_order":0,"comment_status":"closed","ping_status":"closed","template":"elementor_header_footer","meta":{"footnotes":""},"class_list":["post-628","page","type-page","status-publish","hentry","entry"],"_links":{"self":[{"href":"https:\/\/legesenteretiflorvag.no\/index.php?rest_route=\/wp\/v2\/pages\/628","targetHints":{"allow":["GET"]}}],"collection":[{"href":"https:\/\/legesenteretiflorvag.no\/index.php?rest_route=\/wp\/v2\/pages"}],"about":[{"href":"https:\/\/legesenteretiflorvag.no\/index.php?rest_route=\/wp\/v2\/types\/page"}],"author":[{"embeddable":true,"href":"https:\/\/legesenteretiflorvag.no\/index.php?rest_route=\/wp\/v2\/users\/1"}],"replies":[{"embeddable":true,"href":"https:\/\/legesenteretiflorvag.no\/index.php?rest_route=%2Fwp%2Fv2%2Fcomments&post=628"}],"version-history":[{"count":19,"href":"https:\/\/legesenteretiflorvag.no\/index.php?rest_route=\/wp\/v2\/pages\/628\/revisions"}],"predecessor-version":[{"id":1164,"href":"https:\/\/legesenteretiflorvag.no\/index.php?rest_route=\/wp\/v2\/pages\/628\/revisions\/1164"}],"wp:attachment":[{"href":"https:\/\/legesenteretiflorvag.no\/index.php?rest_route=%2Fwp%2Fv2%2Fmedia&parent=628"}],"curies":[{"name":"wp","href":"https:\/\/api.w.org\/{rel}","templated":true}]}}