{"id":1251,"date":"2021-10-21T12:19:51","date_gmt":"2021-10-21T12:19:51","guid":{"rendered":"https:\/\/legesenteretiflorvag.no\/?page_id=1251"},"modified":"2025-10-09T10:06:12","modified_gmt":"2025-10-09T10:06:12","slug":"influensavaksine","status":"publish","type":"page","link":"https:\/\/legesenteretiflorvag.no\/?page_id=1251","title":{"rendered":"Influensavaksine 2025"},"content":{"rendered":"<h2>Influensavaksine 2025<\/h2>\n<p>Legesenteret i Florv\u00e5g starter vaksinasjon mot sesonginfluensa fra<b>\u00a0uke 42.<\/b><\/p>\n<p>Legesenteret tilbyr samvaksinasjon mot <b>COVID-19 og\/eller PNEUMOKOKK (lungebetennelse).<br \/>\n<\/b><\/p>\n<p><b>Ring <a style=\"font-size: 15px; background-color: #ffffff;\" href=\"https:\/\/www.google.com\/search?q=legesenteret+i+florv%C3%A5g&amp;oq=legesenteret+i+florv%C3%A5g&amp;aqs=chrome..69i57j0i22i30l4j69i60l3.2445j0j7&amp;sourceid=chrome&amp;ie=UTF-8#\">56 15 74 00<\/a> eller sp\u00f8r fastlegen \/ helsesekret\u00e6r om vaksine n\u00e5r du er p\u00e5 time.<\/b><\/p>\n<p><a href=\"https:\/\/www.fhi.no\/sv\/influensa\/influensavaksine\/influensavaksine-risikogrupper\/\">Pasienter i risikogrupper blir prioritert (eldre, gravide, syke, helsepersonell, sviner\u00f8ktere, immunsupprimerte mfl.).<br \/>\n<\/a><\/p>\n<p><b>Barn i risikogruppe (immunsvikt osv) f\u00e5r tilbud om nesesprayvaksine &#8211; kontakt legesenteret.<\/b><\/p>\n<p><a href=\"https:\/\/www.fhi.no\/sv\/influensa\/influensavaksine\/\">For mer informasjon se video under eller trykk her<\/a><\/p>\n<div style=\"width: 640px;\" class=\"wp-video\"><video class=\"wp-video-shortcode\" id=\"video-1251-1\" width=\"640\" height=\"360\" preload=\"metadata\" controls=\"controls\"><source type=\"video\/mp4\" src=\"https:\/\/legesenteretiflorvag.no\/wp-content\/uploads\/2022\/02\/influensavaksine_anbefales_til_personer_med_okt_risiko_for_komplikasjoner_av_influensa_16-9_med_tekst.-540p.mp4?_=1\" \/><a href=\"https:\/\/legesenteretiflorvag.no\/wp-content\/uploads\/2022\/02\/influensavaksine_anbefales_til_personer_med_okt_risiko_for_komplikasjoner_av_influensa_16-9_med_tekst.-540p.mp4\">https:\/\/legesenteretiflorvag.no\/wp-content\/uploads\/2022\/02\/influensavaksine_anbefales_til_personer_med_okt_risiko_for_komplikasjoner_av_influensa_16-9_med_tekst.-540p.mp4<\/a><\/video><\/div>\n","protected":false},"excerpt":{"rendered":"<p>Influensavaksine 2025 Legesenteret i Florv\u00e5g starter vaksinasjon mot sesonginfluensa fra\u00a0uke 42. Legesenteret tilbyr samvaksinasjon mot COVID-19 og\/eller PNEUMOKOKK (lungebetennelse). Ring 56 15 74 00 eller sp\u00f8r fastlegen \/ helsesekret\u00e6r om vaksine n\u00e5r du er p\u00e5 time. Pasienter i risikogrupper blir prioritert (eldre, gravide, syke, helsepersonell, sviner\u00f8ktere, immunsupprimerte mfl.). Barn i risikogruppe (immunsvikt osv) f\u00e5r tilbud [&hellip;]<\/p>\n","protected":false},"author":1,"featured_media":0,"parent":0,"menu_order":0,"comment_status":"closed","ping_status":"closed","template":"","meta":{"footnotes":""},"class_list":["post-1251","page","type-page","status-publish","hentry","entry"],"_links":{"self":[{"href":"https:\/\/legesenteretiflorvag.no\/index.php?rest_route=\/wp\/v2\/pages\/1251","targetHints":{"allow":["GET"]}}],"collection":[{"href":"https:\/\/legesenteretiflorvag.no\/index.php?rest_route=\/wp\/v2\/pages"}],"about":[{"href":"https:\/\/legesenteretiflorvag.no\/index.php?rest_route=\/wp\/v2\/types\/page"}],"author":[{"embeddable":true,"href":"https:\/\/legesenteretiflorvag.no\/index.php?rest_route=\/wp\/v2\/users\/1"}],"replies":[{"embeddable":true,"href":"https:\/\/legesenteretiflorvag.no\/index.php?rest_route=%2Fwp%2Fv2%2Fcomments&post=1251"}],"version-history":[{"count":47,"href":"https:\/\/legesenteretiflorvag.no\/index.php?rest_route=\/wp\/v2\/pages\/1251\/revisions"}],"predecessor-version":[{"id":1693,"href":"https:\/\/legesenteretiflorvag.no\/index.php?rest_route=\/wp\/v2\/pages\/1251\/revisions\/1693"}],"wp:attachment":[{"href":"https:\/\/legesenteretiflorvag.no\/index.php?rest_route=%2Fwp%2Fv2%2Fmedia&parent=1251"}],"curies":[{"name":"wp","href":"https:\/\/api.w.org\/{rel}","templated":true}]}}