{"id":1169,"date":"2021-06-11T08:38:25","date_gmt":"2021-06-11T08:38:25","guid":{"rendered":"https:\/\/legesenteretiflorvag.no\/?page_id=1169"},"modified":"2022-12-15T13:36:55","modified_gmt":"2022-12-15T13:36:55","slug":"apningstider","status":"publish","type":"page","link":"https:\/\/legesenteretiflorvag.no\/?page_id=1169","title":{"rendered":"\u00c5pningstider"},"content":{"rendered":"\t\t<div data-elementor-type=\"wp-page\" data-elementor-id=\"1169\" class=\"elementor elementor-1169\" data-elementor-settings=\"[]\">\n\t\t\t\t\t\t\t<div class=\"elementor-section-wrap\">\n\t\t\t\t\t\t\t<section class=\"elementor-section elementor-top-section elementor-element elementor-element-50a36533 elementor-section-content-middle elementor-section-boxed elementor-section-height-default elementor-section-height-default\" data-id=\"50a36533\" data-element_type=\"section\">\n\t\t\t\t\t\t<div class=\"elementor-container elementor-column-gap-no\">\n\t\t\t\t\t<div class=\"elementor-column elementor-col-100 elementor-top-column elementor-element elementor-element-2c6481c8\" data-id=\"2c6481c8\" data-element_type=\"column\">\n\t\t\t<div class=\"elementor-widget-wrap elementor-element-populated\">\n\t\t\t\t\t\t\t\t<div class=\"elementor-element elementor-element-55ae080d elementor-widget elementor-widget-heading\" data-id=\"55ae080d\" data-element_type=\"widget\" data-widget_type=\"heading.default\">\n\t\t\t\t<div class=\"elementor-widget-container\">\n\t\t\t<h4 class=\"elementor-heading-title elementor-size-default\">\u00c5pningstider<\/h4>\t\t<\/div>\n\t\t\t\t<\/div>\n\t\t\t\t<div class=\"elementor-element elementor-element-7c93ce9a elementor-widget elementor-widget-text-editor\" data-id=\"7c93ce9a\" data-element_type=\"widget\" data-widget_type=\"text-editor.default\">\n\t\t\t\t<div class=\"elementor-widget-container\">\n\t\t\t\t\t<div class=\"elementor-text-editor elementor-clearfix\"><p>*Med forbehold om endring i ferie og helligdager. Vi opplever stor p\u00e5gang per telefon. Vurder mulighet for digital kontakt med lege via helsenorge.<\/p><\/div>\n\t\t\t\t<\/div>\n\t\t\t\t<\/div>\n\t\t\t\t<div class=\"elementor-element elementor-element-e1175ba elementor-widget elementor-widget-spacer\" data-id=\"e1175ba\" data-element_type=\"widget\" data-widget_type=\"spacer.default\">\n\t\t\t\t<div class=\"elementor-widget-container\">\n\t\t\t\t\t<div class=\"elementor-spacer\">\n\t\t\t<div class=\"elementor-spacer-inner\"><\/div>\n\t\t<\/div>\n\t\t\t\t<\/div>\n\t\t\t\t<\/div>\n\t\t\t\t<section class=\"elementor-section elementor-inner-section elementor-element elementor-element-43e3cc0f elementor-section-boxed elementor-section-height-default elementor-section-height-default\" data-id=\"43e3cc0f\" data-element_type=\"section\">\n\t\t\t\t\t\t<div class=\"elementor-container elementor-column-gap-default\">\n\t\t\t\t\t<div class=\"elementor-column elementor-col-33 elementor-inner-column elementor-element elementor-element-74f7a89f\" data-id=\"74f7a89f\" data-element_type=\"column\">\n\t\t\t<div class=\"elementor-widget-wrap elementor-element-populated\">\n\t\t\t\t\t\t\t\t<div class=\"elementor-element elementor-element-4aa9b717 elementor-position-left elementor-vertical-align-middle elementor-widget elementor-widget-image-box\" data-id=\"4aa9b717\" data-element_type=\"widget\" data-widget_type=\"image-box.default\">\n\t\t\t\t<div class=\"elementor-widget-container\">\n\t\t\t<div class=\"elementor-image-box-wrapper\"><figure class=\"elementor-image-box-img\"><img loading=\"lazy\" decoding=\"async\" width=\"512\" height=\"512\" src=\"https:\/\/legesenteretiflorvag.no\/wp-content\/uploads\/2021\/02\/021-urgency-1.png\" class=\"attachment-full size-full\" alt=\"\" srcset=\"https:\/\/legesenteretiflorvag.no\/wp-content\/uploads\/2021\/02\/021-urgency-1.png 512w, https:\/\/legesenteretiflorvag.no\/wp-content\/uploads\/2021\/02\/021-urgency-1-300x300.png 300w, https:\/\/legesenteretiflorvag.no\/wp-content\/uploads\/2021\/02\/021-urgency-1-150x150.png 150w\" sizes=\"auto, (max-width: 512px) 100vw, 512px\" \/><\/figure><div class=\"elementor-image-box-content\"><h3 class=\"elementor-image-box-title\">Telefon<\/h3><p class=\"elementor-image-box-description\">\u00c5pningstid<\/p><\/div><\/div>\t\t<\/div>\n\t\t\t\t<\/div>\n\t\t\t\t<div class=\"elementor-element elementor-element-333172e elementor-widget elementor-widget-text-editor\" data-id=\"333172e\" data-element_type=\"widget\" data-widget_type=\"text-editor.default\">\n\t\t\t\t<div class=\"elementor-widget-container\">\n\t\t\t\t\t<div class=\"elementor-text-editor elementor-clearfix\"><h6>08:30 &#8211; 11:00 &amp; 13:00 &#8211; 15:00<\/h6><\/div>\n\t\t\t\t<\/div>\n\t\t\t\t<\/div>\n\t\t\t\t\t<\/div>\n\t\t<\/div>\n\t\t\t\t<div class=\"elementor-column elementor-col-33 elementor-inner-column elementor-element elementor-element-c1a4e0e\" data-id=\"c1a4e0e\" data-element_type=\"column\">\n\t\t\t<div class=\"elementor-widget-wrap elementor-element-populated\">\n\t\t\t\t\t\t\t\t<div class=\"elementor-element elementor-element-52f5a04 elementor-position-left elementor-vertical-align-middle elementor-widget elementor-widget-image-box\" data-id=\"52f5a04\" data-element_type=\"widget\" data-widget_type=\"image-box.default\">\n\t\t\t\t<div class=\"elementor-widget-container\">\n\t\t\t<div class=\"elementor-image-box-wrapper\"><figure class=\"elementor-image-box-img\"><img loading=\"lazy\" decoding=\"async\" width=\"512\" height=\"512\" src=\"https:\/\/legesenteretiflorvag.no\/wp-content\/uploads\/2021\/02\/021-injection.png\" class=\"attachment-full size-full\" alt=\"\" srcset=\"https:\/\/legesenteretiflorvag.no\/wp-content\/uploads\/2021\/02\/021-injection.png 512w, https:\/\/legesenteretiflorvag.no\/wp-content\/uploads\/2021\/02\/021-injection-300x300.png 300w, https:\/\/legesenteretiflorvag.no\/wp-content\/uploads\/2021\/02\/021-injection-150x150.png 150w\" sizes=\"auto, (max-width: 512px) 100vw, 512px\" \/><\/figure><div class=\"elementor-image-box-content\"><h3 class=\"elementor-image-box-title\">Laboratoriet<\/h3><p class=\"elementor-image-box-description\">\u00c5pningstid<\/p><\/div><\/div>\t\t<\/div>\n\t\t\t\t<\/div>\n\t\t\t\t<div class=\"elementor-element elementor-element-a949927 elementor-widget elementor-widget-text-editor\" data-id=\"a949927\" data-element_type=\"widget\" data-widget_type=\"text-editor.default\">\n\t\t\t\t<div class=\"elementor-widget-container\">\n\t\t\t\t\t<div class=\"elementor-text-editor elementor-clearfix\"><h6>09:00 &#8211; 12:00 &amp; 13:00 &#8211; 15:00<\/h6><\/div>\n\t\t\t\t<\/div>\n\t\t\t\t<\/div>\n\t\t\t\t\t<\/div>\n\t\t<\/div>\n\t\t\t\t<div class=\"elementor-column elementor-col-33 elementor-inner-column elementor-element elementor-element-7822c82\" data-id=\"7822c82\" data-element_type=\"column\">\n\t\t\t<div class=\"elementor-widget-wrap elementor-element-populated\">\n\t\t\t\t\t\t\t\t<div class=\"elementor-element elementor-element-07038a8 elementor-position-left elementor-vertical-align-middle elementor-widget elementor-widget-image-box\" data-id=\"07038a8\" data-element_type=\"widget\" data-widget_type=\"image-box.default\">\n\t\t\t\t<div class=\"elementor-widget-container\">\n\t\t\t<div class=\"elementor-image-box-wrapper\"><figure class=\"elementor-image-box-img\"><img loading=\"lazy\" decoding=\"async\" width=\"512\" height=\"512\" src=\"https:\/\/legesenteretiflorvag.no\/wp-content\/uploads\/2021\/02\/021-nurse.png\" class=\"attachment-full size-full\" alt=\"\" srcset=\"https:\/\/legesenteretiflorvag.no\/wp-content\/uploads\/2021\/02\/021-nurse.png 512w, https:\/\/legesenteretiflorvag.no\/wp-content\/uploads\/2021\/02\/021-nurse-300x300.png 300w, https:\/\/legesenteretiflorvag.no\/wp-content\/uploads\/2021\/02\/021-nurse-150x150.png 150w\" sizes=\"auto, (max-width: 512px) 100vw, 512px\" \/><\/figure><div class=\"elementor-image-box-content\"><h3 class=\"elementor-image-box-title\">Konsultasjoner<\/h3><p class=\"elementor-image-box-description\">\u00c5pningstid<\/p><\/div><\/div>\t\t<\/div>\n\t\t\t\t<\/div>\n\t\t\t\t<div class=\"elementor-element elementor-element-7723f01 elementor-widget elementor-widget-text-editor\" data-id=\"7723f01\" data-element_type=\"widget\" data-widget_type=\"text-editor.default\">\n\t\t\t\t<div class=\"elementor-widget-container\">\n\t\t\t\t\t<div class=\"elementor-text-editor elementor-clearfix\"><h6>09:00 &#8211; 12:00 &amp; 13:00 &#8211; 15:00<\/h6><\/div>\n\t\t\t\t<\/div>\n\t\t\t\t<\/div>\n\t\t\t\t\t<\/div>\n\t\t<\/div>\n\t\t\t\t\t\t\t<\/div>\n\t\t<\/section>\n\t\t\t\t<div class=\"elementor-element elementor-element-54a4cee elementor-widget elementor-widget-spacer\" data-id=\"54a4cee\" data-element_type=\"widget\" data-widget_type=\"spacer.default\">\n\t\t\t\t<div class=\"elementor-widget-container\">\n\t\t\t\t\t<div class=\"elementor-spacer\">\n\t\t\t<div class=\"elementor-spacer-inner\"><\/div>\n\t\t<\/div>\n\t\t\t\t<\/div>\n\t\t\t\t<\/div>\n\t\t\t\t<section class=\"elementor-section elementor-inner-section elementor-element elementor-element-642b0e19 elementor-section-boxed elementor-section-height-default elementor-section-height-default\" data-id=\"642b0e19\" data-element_type=\"section\">\n\t\t\t\t\t\t<div class=\"elementor-container elementor-column-gap-default\">\n\t\t\t\t\t<div class=\"elementor-column elementor-col-33 elementor-inner-column elementor-element elementor-element-45450ef\" data-id=\"45450ef\" data-element_type=\"column\">\n\t\t\t<div class=\"elementor-widget-wrap elementor-element-populated\">\n\t\t\t\t\t\t\t\t<div class=\"elementor-element elementor-element-4bec95c elementor-position-left elementor-vertical-align-middle elementor-widget elementor-widget-image-box\" data-id=\"4bec95c\" data-element_type=\"widget\" data-widget_type=\"image-box.default\">\n\t\t\t\t<div class=\"elementor-widget-container\">\n\t\t\t<div class=\"elementor-image-box-wrapper\"><div class=\"elementor-image-box-content\"><h3 class=\"elementor-image-box-title\">Maria Holmemo<\/h3><p class=\"elementor-image-box-description\">fastlege<\/p><\/div><\/div>\t\t<\/div>\n\t\t\t\t<\/div>\n\t\t\t\t<div class=\"elementor-element elementor-element-33fedc7 elementor-widget elementor-widget-text-editor\" data-id=\"33fedc7\" data-element_type=\"widget\" data-widget_type=\"text-editor.default\">\n\t\t\t\t<div class=\"elementor-widget-container\">\n\t\t\t\t\t<div class=\"elementor-text-editor elementor-clearfix\"><p>Spesialist i allmennmedisin.<\/p><p>I permisjon tentativt frem til mars 2022.<\/p><p>Vikar er lege Marie \u00d8strem. P\u00e5 kontoret mandag, tirsdag, torsdag og fredag.<\/p><\/div>\n\t\t\t\t<\/div>\n\t\t\t\t<\/div>\n\t\t\t\t\t<\/div>\n\t\t<\/div>\n\t\t\t\t<div class=\"elementor-column elementor-col-33 elementor-inner-column elementor-element elementor-element-35ec3fa9\" data-id=\"35ec3fa9\" data-element_type=\"column\">\n\t\t\t<div class=\"elementor-widget-wrap elementor-element-populated\">\n\t\t\t\t\t\t\t\t<div class=\"elementor-element elementor-element-247da3a9 elementor-position-left elementor-vertical-align-middle elementor-widget elementor-widget-image-box\" data-id=\"247da3a9\" data-element_type=\"widget\" data-widget_type=\"image-box.default\">\n\t\t\t\t<div class=\"elementor-widget-container\">\n\t\t\t<div class=\"elementor-image-box-wrapper\"><div class=\"elementor-image-box-content\"><h3 class=\"elementor-image-box-title\">Andreas Hurum Pedersen<\/h3><p class=\"elementor-image-box-description\">Fastlege<\/p><\/div><\/div>\t\t<\/div>\n\t\t\t\t<\/div>\n\t\t\t\t<div class=\"elementor-element elementor-element-1d750228 elementor-widget elementor-widget-text-editor\" data-id=\"1d750228\" data-element_type=\"widget\" data-widget_type=\"text-editor.default\">\n\t\t\t\t<div class=\"elementor-widget-container\">\n\t\t\t\t\t<div class=\"elementor-text-editor elementor-clearfix\"><p>Allmennlege i spesialisering.<\/p><p>P\u00e5 kontoret mandag, tirsdag, onsdag og fredag.\u00a0<\/p><\/div>\n\t\t\t\t<\/div>\n\t\t\t\t<\/div>\n\t\t\t\t\t<\/div>\n\t\t<\/div>\n\t\t\t\t<div class=\"elementor-column elementor-col-33 elementor-inner-column elementor-element elementor-element-1349e75\" data-id=\"1349e75\" data-element_type=\"column\">\n\t\t\t<div class=\"elementor-widget-wrap elementor-element-populated\">\n\t\t\t\t\t\t\t\t<div class=\"elementor-element elementor-element-74f5afd elementor-position-left elementor-vertical-align-middle elementor-widget elementor-widget-image-box\" data-id=\"74f5afd\" data-element_type=\"widget\" data-widget_type=\"image-box.default\">\n\t\t\t\t<div class=\"elementor-widget-container\">\n\t\t\t<div class=\"elementor-image-box-wrapper\"><div class=\"elementor-image-box-content\"><h3 class=\"elementor-image-box-title\">Marius T\u00f8mta<\/h3><p class=\"elementor-image-box-description\">Fastlege<\/p><\/div><\/div>\t\t<\/div>\n\t\t\t\t<\/div>\n\t\t\t\t<div class=\"elementor-element elementor-element-6697040 elementor-widget elementor-widget-text-editor\" data-id=\"6697040\" data-element_type=\"widget\" data-widget_type=\"text-editor.default\">\n\t\t\t\t<div class=\"elementor-widget-container\">\n\t\t\t\t\t<div class=\"elementor-text-editor elementor-clearfix\"><p>Allmennlege i spesialisering.<\/p><p>P\u00e5 kontoret mandag, onsdag, torsdag og fredag.\u00a0<\/p><\/div>\n\t\t\t\t<\/div>\n\t\t\t\t<\/div>\n\t\t\t\t\t<\/div>\n\t\t<\/div>\n\t\t\t\t\t\t\t<\/div>\n\t\t<\/section>\n\t\t\t\t<section class=\"elementor-section elementor-inner-section elementor-element elementor-element-921290d elementor-section-boxed elementor-section-height-default elementor-section-height-default\" data-id=\"921290d\" data-element_type=\"section\">\n\t\t\t\t\t\t<div class=\"elementor-container elementor-column-gap-default\">\n\t\t\t\t\t<div class=\"elementor-column elementor-col-33 elementor-inner-column elementor-element elementor-element-b50239d\" data-id=\"b50239d\" data-element_type=\"column\">\n\t\t\t<div class=\"elementor-widget-wrap elementor-element-populated\">\n\t\t\t\t\t\t\t\t<div class=\"elementor-element elementor-element-8e8be4d elementor-position-left elementor-vertical-align-middle elementor-widget elementor-widget-image-box\" data-id=\"8e8be4d\" data-element_type=\"widget\" data-widget_type=\"image-box.default\">\n\t\t\t\t<div class=\"elementor-widget-container\">\n\t\t\t<div class=\"elementor-image-box-wrapper\"><div class=\"elementor-image-box-content\"><h3 class=\"elementor-image-box-title\">Ufuk Cagrici<\/h3><p class=\"elementor-image-box-description\">Fastlege<\/p><\/div><\/div>\t\t<\/div>\n\t\t\t\t<\/div>\n\t\t\t\t<div class=\"elementor-element elementor-element-c803ad8 elementor-widget elementor-widget-text-editor\" data-id=\"c803ad8\" data-element_type=\"widget\" data-widget_type=\"text-editor.default\">\n\t\t\t\t<div class=\"elementor-widget-container\">\n\t\t\t\t\t<div class=\"elementor-text-editor elementor-clearfix\"><p>Allmennlege i spesialisering.<\/p><p>P\u00e5 kontoret mandag, tirsdag, onsdag og torsdag.<\/p><\/div>\n\t\t\t\t<\/div>\n\t\t\t\t<\/div>\n\t\t\t\t\t<\/div>\n\t\t<\/div>\n\t\t\t\t<div class=\"elementor-column elementor-col-33 elementor-inner-column elementor-element elementor-element-9ed7245\" data-id=\"9ed7245\" data-element_type=\"column\">\n\t\t\t<div class=\"elementor-widget-wrap elementor-element-populated\">\n\t\t\t\t\t\t\t\t<div class=\"elementor-element elementor-element-99a974d elementor-position-left elementor-vertical-align-middle elementor-widget elementor-widget-image-box\" data-id=\"99a974d\" data-element_type=\"widget\" data-widget_type=\"image-box.default\">\n\t\t\t\t<div class=\"elementor-widget-container\">\n\t\t\t<div class=\"elementor-image-box-wrapper\"><div class=\"elementor-image-box-content\"><h3 class=\"elementor-image-box-title\">Lars Bringeland<\/h3><p class=\"elementor-image-box-description\">Fastlege<\/p><\/div><\/div>\t\t<\/div>\n\t\t\t\t<\/div>\n\t\t\t\t<div class=\"elementor-element elementor-element-ad094ed elementor-widget elementor-widget-text-editor\" data-id=\"ad094ed\" data-element_type=\"widget\" data-widget_type=\"text-editor.default\">\n\t\t\t\t<div class=\"elementor-widget-container\">\n\t\t\t\t\t<div class=\"elementor-text-editor elementor-clearfix\"><p>Allmennlege i spesialisering.<\/p><p>P\u00e5 kontoret mandag, onsdag,\u00a0 torsdag og fredag.<\/p><\/div>\n\t\t\t\t<\/div>\n\t\t\t\t<\/div>\n\t\t\t\t\t<\/div>\n\t\t<\/div>\n\t\t\t\t<div class=\"elementor-column elementor-col-33 elementor-inner-column elementor-element elementor-element-a02d4d3\" data-id=\"a02d4d3\" data-element_type=\"column\">\n\t\t\t<div class=\"elementor-widget-wrap elementor-element-populated\">\n\t\t\t\t\t\t\t\t<div class=\"elementor-element elementor-element-82bc675 elementor-position-left elementor-vertical-align-middle elementor-widget elementor-widget-image-box\" data-id=\"82bc675\" data-element_type=\"widget\" data-widget_type=\"image-box.default\">\n\t\t\t\t<div class=\"elementor-widget-container\">\n\t\t\t<div class=\"elementor-image-box-wrapper\"><div class=\"elementor-image-box-content\"><h3 class=\"elementor-image-box-title\">Paul Haukeb\u00f8<\/h3><p class=\"elementor-image-box-description\">Fastlege<\/p><\/div><\/div>\t\t<\/div>\n\t\t\t\t<\/div>\n\t\t\t\t<div class=\"elementor-element elementor-element-3da2fea elementor-widget elementor-widget-text-editor\" data-id=\"3da2fea\" data-element_type=\"widget\" data-widget_type=\"text-editor.default\">\n\t\t\t\t<div class=\"elementor-widget-container\">\n\t\t\t\t\t<div class=\"elementor-text-editor elementor-clearfix\"><p>Allmennlege i spesialisering.<\/p><p>P\u00e5 kontoret mandag, onsdag, torsdag og fredag.\u00a0<\/p><\/div>\n\t\t\t\t<\/div>\n\t\t\t\t<\/div>\n\t\t\t\t\t<\/div>\n\t\t<\/div>\n\t\t\t\t\t\t\t<\/div>\n\t\t<\/section>\n\t\t\t\t\t<\/div>\n\t\t<\/div>\n\t\t\t\t\t\t\t<\/div>\n\t\t<\/section>\n\t\t\t\t\t\t<\/div>\n\t\t\t\t\t<\/div>\n\t\t","protected":false},"excerpt":{"rendered":"<p>\u00c5pningstider *Med forbehold om endring i ferie og helligdager. Vi opplever stor p\u00e5gang per telefon. Vurder mulighet for digital kontakt med lege via helsenorge. Telefon \u00c5pningstid 08:30 &#8211; 11:00 &amp; 13:00 &#8211; 15:00 Laboratoriet \u00c5pningstid 09:00 &#8211; 12:00 &amp; 13:00 &#8211; 15:00 Konsultasjoner \u00c5pningstid 09:00 &#8211; 12:00 &amp; 13:00 &#8211; 15:00 Maria Holmemo fastlege Spesialist [&hellip;]<\/p>\n","protected":false},"author":1,"featured_media":0,"parent":0,"menu_order":0,"comment_status":"closed","ping_status":"closed","template":"elementor_header_footer","meta":{"footnotes":""},"class_list":["post-1169","page","type-page","status-publish","hentry","entry"],"_links":{"self":[{"href":"https:\/\/legesenteretiflorvag.no\/index.php?rest_route=\/wp\/v2\/pages\/1169","targetHints":{"allow":["GET"]}}],"collection":[{"href":"https:\/\/legesenteretiflorvag.no\/index.php?rest_route=\/wp\/v2\/pages"}],"about":[{"href":"https:\/\/legesenteretiflorvag.no\/index.php?rest_route=\/wp\/v2\/types\/page"}],"author":[{"embeddable":true,"href":"https:\/\/legesenteretiflorvag.no\/index.php?rest_route=\/wp\/v2\/users\/1"}],"replies":[{"embeddable":true,"href":"https:\/\/legesenteretiflorvag.no\/index.php?rest_route=%2Fwp%2Fv2%2Fcomments&post=1169"}],"version-history":[{"count":49,"href":"https:\/\/legesenteretiflorvag.no\/index.php?rest_route=\/wp\/v2\/pages\/1169\/revisions"}],"predecessor-version":[{"id":1502,"href":"https:\/\/legesenteretiflorvag.no\/index.php?rest_route=\/wp\/v2\/pages\/1169\/revisions\/1502"}],"wp:attachment":[{"href":"https:\/\/legesenteretiflorvag.no\/index.php?rest_route=%2Fwp%2Fv2%2Fmedia&parent=1169"}],"curies":[{"name":"wp","href":"https:\/\/api.w.org\/{rel}","templated":true}]}}